{"id":5781,"date":"2025-04-15T14:17:33","date_gmt":"2025-04-15T12:17:33","guid":{"rendered":"https:\/\/ocelove-rury.sk\/einleitung-qualitatszertifikate\/"},"modified":"2025-05-15T10:10:44","modified_gmt":"2025-05-15T08:10:44","slug":"einleitung-qualitatszertifikate","status":"publish","type":"page","link":"https:\/\/new.primasteel.sk\/de\/einleitung-qualitatszertifikate\/","title":{"rendered":"Einleitung Qualit\u00e4tszertifikate"},"content":{"rendered":"\t\t<div data-elementor-type=\"wp-page\" data-elementor-id=\"5781\" class=\"elementor elementor-5781\" data-elementor-post-type=\"page\">\n\t\t\t\t<div class=\"elementor-element elementor-element-2fd810d e-flex e-con-boxed e-con e-parent\" data-id=\"2fd810d\" data-element_type=\"container\" data-settings=\"{&quot;background_background&quot;:&quot;classic&quot;}\">\n\t\t\t\t\t<div class=\"e-con-inner\">\n\t\t<div class=\"elementor-element elementor-element-006c210 e-con-full e-flex e-con e-child\" data-id=\"006c210\" data-element_type=\"container\">\n\t\t<div class=\"elementor-element elementor-element-db84d32 e-con-full e-flex e-con e-child\" data-id=\"db84d32\" data-element_type=\"container\">\n\t\t\t\t<div class=\"elementor-element elementor-element-3442574 elementor-widget elementor-widget-text-editor\" data-id=\"3442574\" data-element_type=\"widget\" data-widget_type=\"text-editor.default\">\n\t\t\t\t<div class=\"elementor-widget-container\">\n\t\t\t\t\t\t\t\t\t<p><a class=\"elementor-item\" href=\"https:\/\/ocelove-rury.sk\/\"><span style=\"color: #39cee9;\">Home<\/span><\/a>\u00a0 \u00a0 \u00a0 Einleitung Qualit\u00e4tszertifikate<\/p>\t\t\t\t\t\t\t\t<\/div>\n\t\t\t\t<\/div>\n\t\t\t\t<\/div>\n\t\t\t\t<\/div>\n\t\t\t\t\t<\/div>\n\t\t\t\t<\/div>\n\t\t<div class=\"elementor-element elementor-element-b18bb2d e-flex e-con-boxed e-con e-parent\" data-id=\"b18bb2d\" data-element_type=\"container\" data-settings=\"{&quot;background_background&quot;:&quot;classic&quot;}\">\n\t\t\t\t\t<div class=\"e-con-inner\">\n\t\t<div class=\"elementor-element elementor-element-fd686c8 e-con-full e-flex e-con e-child\" data-id=\"fd686c8\" data-element_type=\"container\">\n\t\t\t\t<div class=\"elementor-element elementor-element-d8548e9 elementor-widget elementor-widget-text-editor\" data-id=\"d8548e9\" data-element_type=\"widget\" data-widget_type=\"text-editor.default\">\n\t\t\t\t<div class=\"elementor-widget-container\">\n\t\t\t\t\t\t\t\t\t<div class=\"col-md-12 col-xs-12\">Wir arbeiten nach ISO 9001: 2009 Qualit\u00e4tsmanagement-System, das ein hohes Ma\u00df an Organisation der internen Beziehungen innerhalb der Gesellschaft akzentuiert, die sehr wichtig f\u00fcr die Befriedigung der Bed\u00fcrfnisse unserer Kunden sind. Die Waren werden an das Lager durch die Eingangskontrolle der Lagerarbeiter empfangen, markiert und f\u00fcr die Ausgabe zu den Kunden gelagert. Die Waren werden zu den Endkunden mit Pr\u00fcfzertifikaten 3.1 nach EN 10204 expediert, in elektronischer und physischer Form archiviert, so sind wir in der Lage, die Zertifikate auch nach einem l\u00e4ngeren Zeitraum auf Ersuchen erneut zu liefern.<\/div>\t\t\t\t\t\t\t\t<\/div>\n\t\t\t\t<\/div>\n\t\t<div class=\"elementor-element elementor-element-35f1492 e-grid e-con-full e-con e-child\" data-id=\"35f1492\" data-element_type=\"container\">\n\t\t\t\t<div class=\"elementor-element elementor-element-6de4bb5 elementor-widget elementor-widget-image\" data-id=\"6de4bb5\" data-element_type=\"widget\" data-widget_type=\"image.default\">\n\t\t\t\t<div class=\"elementor-widget-container\">\n\t\t\t\t\t\t\t\t\t\t\t\t\t\t\t\t<a href=\"https:\/\/ocelove-rury.sk\/wp-content\/uploads\/2025\/04\/SK-ISO-2027_CERTIFIKAT_EN-ISO-9001_PRIMASTEEL.pdf\" target=\"_blank\">\n\t\t\t\t\t\t\t<img fetchpriority=\"high\" decoding=\"async\" width=\"709\" height=\"1002\" src=\"https:\/\/new.primasteel.sk\/wp-content\/uploads\/2025\/04\/ISO_9001_Certifikat_Primasteel_SK.jpg\" class=\"attachment-full size-full wp-image-4211\" alt=\"SK - ISO 2027 CERTIFIKA\u0301T_EN ISO 9001_PRIMA STEEL, s.r.o.\" srcset=\"https:\/\/new.primasteel.sk\/wp-content\/uploads\/2025\/04\/ISO_9001_Certifikat_Primasteel_SK.jpg 709w, https:\/\/new.primasteel.sk\/wp-content\/uploads\/2025\/04\/ISO_9001_Certifikat_Primasteel_SK-212x300.jpg 212w\" sizes=\"(max-width: 709px) 100vw, 709px\" \/>\t\t\t\t\t\t\t\t<\/a>\n\t\t\t\t\t\t\t\t\t\t\t\t\t\t\t<\/div>\n\t\t\t\t<\/div>\n\t\t\t\t<div class=\"elementor-element elementor-element-1a0e472 elementor-widget elementor-widget-image\" data-id=\"1a0e472\" data-element_type=\"widget\" data-widget_type=\"image.default\">\n\t\t\t\t<div class=\"elementor-widget-container\">\n\t\t\t\t\t\t\t\t\t\t\t\t\t\t\t\t<a href=\"https:\/\/ocelove-rury.sk\/wp-content\/uploads\/2025\/04\/EN-ISO-2027_CERTIFIKAT_EN-ISO-9001_PRIMASTEEL.pdf\" target=\"_blank\">\n\t\t\t\t\t\t\t<img decoding=\"async\" width=\"709\" height=\"1002\" src=\"https:\/\/new.primasteel.sk\/wp-content\/uploads\/2025\/04\/ISO_9001_Certificate_Primasteel_EN.jpg\" class=\"attachment-full size-full wp-image-4210\" alt=\"EN - ISO 2027 CERTIFIKA\u0301T_EN ISO 9001_PRIMA STEEL, s.r.o.\" srcset=\"https:\/\/new.primasteel.sk\/wp-content\/uploads\/2025\/04\/ISO_9001_Certificate_Primasteel_EN.jpg 709w, https:\/\/new.primasteel.sk\/wp-content\/uploads\/2025\/04\/ISO_9001_Certificate_Primasteel_EN-212x300.jpg 212w\" sizes=\"(max-width: 709px) 100vw, 709px\" \/>\t\t\t\t\t\t\t\t<\/a>\n\t\t\t\t\t\t\t\t\t\t\t\t\t\t\t<\/div>\n\t\t\t\t<\/div>\n\t\t\t\t<\/div>\n\t\t\t\t<\/div>\n\t\t\t\t\t<\/div>\n\t\t\t\t<\/div>\n\t\t<div class=\"elementor-element elementor-element-a541845 e-flex e-con-boxed e-con e-parent\" data-id=\"a541845\" data-element_type=\"container\">\n\t\t\t\t\t<div class=\"e-con-inner\">\n\t\t<div class=\"elementor-element elementor-element-2d34f1e5 e-con-full e-flex e-con e-child\" data-id=\"2d34f1e5\" data-element_type=\"container\">\n\t\t<div class=\"elementor-element elementor-element-11fd602f e-con-full e-flex e-con e-child\" data-id=\"11fd602f\" data-element_type=\"container\">\n\t\t\t\t<div class=\"elementor-element elementor-element-2d54e102 elementor-widget elementor-widget-heading\" data-id=\"2d54e102\" data-element_type=\"widget\" data-widget_type=\"heading.default\">\n\t\t\t\t<div class=\"elementor-widget-container\">\n\t\t\t\t\t<h2 class=\"elementor-heading-title elementor-size-default\">Warum wir?<\/h2>\t\t\t\t<\/div>\n\t\t\t\t<\/div>\n\t\t<div class=\"elementor-element elementor-element-6ff9bdaf e-grid e-con-full e-con e-child\" data-id=\"6ff9bdaf\" data-element_type=\"container\">\n\t\t<div class=\"elementor-element elementor-element-6807b627 e-con-full e-flex e-con e-child\" data-id=\"6807b627\" data-element_type=\"container\">\n\t\t\t\t<div class=\"elementor-element elementor-element-2efe63c5 elementor-widget elementor-widget-image\" data-id=\"2efe63c5\" data-element_type=\"widget\" data-widget_type=\"image.default\">\n\t\t\t\t<div class=\"elementor-widget-container\">\n\t\t\t\t\t\t\t\t\t\t\t\t\t\t\t<img decoding=\"async\" width=\"70\" height=\"70\" src=\"https:\/\/new.primasteel.sk\/wp-content\/uploads\/2025\/05\/image-6.png\" class=\"attachment-large size-large wp-image-5753\" alt=\"\" \/>\t\t\t\t\t\t\t\t\t\t\t\t\t\t\t<\/div>\n\t\t\t\t<\/div>\n\t\t\t\t<div class=\"elementor-element elementor-element-621a60b elementor-widget elementor-widget-text-editor\" data-id=\"621a60b\" data-element_type=\"widget\" data-widget_type=\"text-editor.default\">\n\t\t\t\t<div class=\"elementor-widget-container\">\n\t\t\t\t\t\t\t\t\t<p>Neben dem Direktverkauf, <strong>bieten<\/strong> wir eine Reihe von zus\u00e4tzlichen Diensten, einschlie\u00dflich des <strong>Versandes<\/strong> an einen anderen Bestimmungsort <strong>in der Slowakischen Republik<\/strong>, fachliche und technische Beratung, Vertrieb von Waren und eine individuelle Einstellung an.<\/p>\t\t\t\t\t\t\t\t<\/div>\n\t\t\t\t<\/div>\n\t\t\t\t<\/div>\n\t\t<div class=\"elementor-element elementor-element-798eadab e-con-full e-flex e-con e-child\" data-id=\"798eadab\" data-element_type=\"container\">\n\t\t\t\t<div class=\"elementor-element elementor-element-142f9355 elementor-widget elementor-widget-image\" data-id=\"142f9355\" data-element_type=\"widget\" data-widget_type=\"image.default\">\n\t\t\t\t<div class=\"elementor-widget-container\">\n\t\t\t\t\t\t\t\t\t\t\t\t\t\t\t<img loading=\"lazy\" decoding=\"async\" width=\"70\" height=\"70\" src=\"https:\/\/new.primasteel.sk\/wp-content\/uploads\/2025\/05\/image-7.png\" class=\"attachment-large size-large wp-image-5756\" alt=\"\" \/>\t\t\t\t\t\t\t\t\t\t\t\t\t\t\t<\/div>\n\t\t\t\t<\/div>\n\t\t\t\t<div class=\"elementor-element elementor-element-2149739d elementor-widget elementor-widget-text-editor\" data-id=\"2149739d\" data-element_type=\"widget\" data-widget_type=\"text-editor.default\">\n\t\t\t\t<div class=\"elementor-widget-container\">\n\t\t\t\t\t\t\t\t\t<p><strong>Die Waren<\/strong>\u00a0werden an das Lager\u00a0<strong>durch die Eingangskontrolle<\/strong> der Lagerarbeiter empfangen,\u00a0 <strong>markiert und f\u00fcr die Ausgabe<\/strong> zu den Kunden gelagert.<\/p>\t\t\t\t\t\t\t\t<\/div>\n\t\t\t\t<\/div>\n\t\t\t\t<\/div>\n\t\t<div class=\"elementor-element elementor-element-70a9efe5 e-con-full e-flex e-con e-child\" data-id=\"70a9efe5\" data-element_type=\"container\">\n\t\t\t\t<div class=\"elementor-element elementor-element-443a018 elementor-widget elementor-widget-image\" data-id=\"443a018\" data-element_type=\"widget\" data-widget_type=\"image.default\">\n\t\t\t\t<div class=\"elementor-widget-container\">\n\t\t\t\t\t\t\t\t\t\t\t\t\t\t\t<img loading=\"lazy\" decoding=\"async\" width=\"70\" height=\"70\" src=\"https:\/\/new.primasteel.sk\/wp-content\/uploads\/2025\/05\/image-8.png\" class=\"attachment-large size-large wp-image-5759\" alt=\"\" \/>\t\t\t\t\t\t\t\t\t\t\t\t\t\t\t<\/div>\n\t\t\t\t<\/div>\n\t\t\t\t<div class=\"elementor-element elementor-element-1815d5d7 elementor-widget elementor-widget-text-editor\" data-id=\"1815d5d7\" data-element_type=\"widget\" data-widget_type=\"text-editor.default\">\n\t\t\t\t<div class=\"elementor-widget-container\">\n\t\t\t\t\t\t\t\t\t<div class=\"row\"><div class=\"col-md-4\">Wir arbeiten nach\u00a0<strong>ISO 9001: 2009<\/strong>\u00a0Qualit\u00e4tsmanagement-System,\u00a0<strong>das hohe Niveau der Organisation der internen Beziehungen in unserer Gesellschaft best<\/strong><strong>\u00e4<\/strong><strong>tigt,<\/strong> die notwendig sind um die Bed\u00fcrfnisse unseren Kunden zu erf\u00fclen.<\/div><\/div>\t\t\t\t\t\t\t\t<\/div>\n\t\t\t\t<\/div>\n\t\t\t\t<\/div>\n\t\t\t\t<\/div>\n\t\t\t\t<\/div>\n\t\t\t\t<\/div>\n\t\t\t\t\t<\/div>\n\t\t\t\t<\/div>\n\t\t<div class=\"elementor-element elementor-element-5f85906e e-flex e-con-boxed e-con e-parent\" data-id=\"5f85906e\" data-element_type=\"container\">\n\t\t\t\t\t<div class=\"e-con-inner\">\n\t\t<div class=\"elementor-element elementor-element-1716136a e-con-full e-flex e-con e-child\" data-id=\"1716136a\" data-element_type=\"container\">\n\t\t<a class=\"elementor-element elementor-element-5befec70 e-con-full e-flex e-con e-child\" data-id=\"5befec70\" data-element_type=\"container\" data-settings=\"{&quot;background_background&quot;:&quot;classic&quot;}\" href=\"#top\">\n\t\t\t\t<\/a>\n\t\t\t\t<div class=\"elementor-element elementor-element-e0fe13a elementor-widget elementor-widget-text-editor\" data-id=\"e0fe13a\" data-element_type=\"widget\" data-widget_type=\"text-editor.default\">\n\t\t\t\t<div class=\"elementor-widget-container\">\n\t\t\t\t\t\t\t\t\t<p>Adresse: Vodn\u00e9 dielo Kr\u00e1\u013eov\u00e1 622, Kr\u00e1\u013eov\u00e1 n. V\u00e1hom | Tel.: 031 \/ 780 2241 | email: <a href=\"mailto:office@primasteel.sk\">office@primasteel.sk<\/a><\/p>\t\t\t\t\t\t\t\t<\/div>\n\t\t\t\t<\/div>\n\t\t\t\t<div class=\"elementor-element elementor-element-48f503f2 elementor-widget-divider--view-line elementor-widget elementor-widget-divider\" data-id=\"48f503f2\" data-element_type=\"widget\" data-widget_type=\"divider.default\">\n\t\t\t\t<div class=\"elementor-widget-container\">\n\t\t\t\t\t\t\t<div class=\"elementor-divider\">\n\t\t\t<span class=\"elementor-divider-separator\">\n\t\t\t\t\t\t<\/span>\n\t\t<\/div>\n\t\t\t\t\t\t<\/div>\n\t\t\t\t<\/div>\n\t\t\t\t<div class=\"elementor-element elementor-element-2dab18b elementor-widget elementor-widget-text-editor\" data-id=\"2dab18b\" data-element_type=\"widget\" data-widget_type=\"text-editor.default\">\n\t\t\t\t<div class=\"elementor-widget-container\">\n\t\t\t\t\t\t\t\t\t<p>Entworfen und entwickelt <a href=\"https:\/\/magicmedia.sk\/\">Magic media<\/a> 2025<\/p>\t\t\t\t\t\t\t\t<\/div>\n\t\t\t\t<\/div>\n\t\t\t\t<\/div>\n\t\t\t\t\t<\/div>\n\t\t\t\t<\/div>\n\t\t\t\t<\/div>\n\t\t","protected":false},"excerpt":{"rendered":"<p>Home\u00a0 \u00a0 \u00a0 Einleitung Qualit\u00e4tszertifikate Wir arbeiten nach ISO 9001: 2009 Qualit\u00e4tsmanagement-System, das ein hohes Ma\u00df an Organisation der internen Beziehungen innerhalb der Gesellschaft akzentuiert, die sehr wichtig f\u00fcr die Befriedigung der Bed\u00fcrfnisse unserer Kunden sind. Die Waren werden an das Lager durch die Eingangskontrolle der Lagerarbeiter empfangen, markiert und f\u00fcr die Ausgabe zu den [&hellip;]<\/p>\n","protected":false},"author":2,"featured_media":0,"parent":0,"menu_order":0,"comment_status":"closed","ping_status":"closed","template":"","meta":{"footnotes":""},"class_list":["post-5781","page","type-page","status-publish","hentry"],"yoast_head":"<!-- This site is optimized with the Yoast SEO plugin v25.3.1 - https:\/\/yoast.com\/wordpress\/plugins\/seo\/ -->\n<title>Einleitung Qualit\u00e4tszertifikate - PRIMASTEEL<\/title>\n<meta name=\"robots\" content=\"noindex, follow, max-snippet:-1, max-image-preview:large, max-video-preview:-1\" \/>\n<meta property=\"og:locale\" content=\"de_DE\" \/>\n<meta property=\"og:type\" content=\"article\" \/>\n<meta property=\"og:title\" content=\"Einleitung Qualit\u00e4tszertifikate - PRIMASTEEL\" \/>\n<meta property=\"og:description\" content=\"Home\u00a0 \u00a0 \u00a0 Einleitung Qualit\u00e4tszertifikate Wir arbeiten nach ISO 9001: 2009 Qualit\u00e4tsmanagement-System, das ein hohes Ma\u00df an Organisation der internen Beziehungen innerhalb der Gesellschaft akzentuiert, die sehr wichtig f\u00fcr die Befriedigung der Bed\u00fcrfnisse unserer Kunden sind. Die Waren werden an das Lager durch die Eingangskontrolle der Lagerarbeiter empfangen, markiert und f\u00fcr die Ausgabe zu den [&hellip;]\" \/>\n<meta property=\"og:url\" content=\"https:\/\/new.primasteel.sk\/certifikaty\/\" \/>\n<meta property=\"og:site_name\" content=\"PRIMASTEEL\" \/>\n<meta property=\"article:modified_time\" content=\"2025-05-15T08:10:44+00:00\" \/>\n<meta property=\"og:image\" content=\"https:\/\/ocelove-rury.sk\/wp-content\/uploads\/2025\/04\/ISO_9001_Certifikat_Primasteel_SK.jpg\" \/>\n<meta name=\"twitter:card\" content=\"summary_large_image\" \/>\n<meta name=\"twitter:label1\" content=\"Gesch\u00e4tzte Lesezeit\" \/>\n\t<meta name=\"twitter:data1\" content=\"1\u00a0Minute\" \/>\n<script type=\"application\/ld+json\" class=\"yoast-schema-graph\">{\"@context\":\"https:\/\/schema.org\",\"@graph\":[{\"@type\":\"WebPage\",\"@id\":\"https:\/\/new.primasteel.sk\/certifikaty\/\",\"url\":\"https:\/\/new.primasteel.sk\/certifikaty\/\",\"name\":\"Einleitung Qualit\u00e4tszertifikate - PRIMASTEEL\",\"isPartOf\":{\"@id\":\"https:\/\/new.primasteel.sk\/#website\"},\"primaryImageOfPage\":{\"@id\":\"https:\/\/new.primasteel.sk\/certifikaty\/#primaryimage\"},\"image\":{\"@id\":\"https:\/\/new.primasteel.sk\/certifikaty\/#primaryimage\"},\"thumbnailUrl\":\"https:\/\/ocelove-rury.sk\/wp-content\/uploads\/2025\/04\/ISO_9001_Certifikat_Primasteel_SK.jpg\",\"datePublished\":\"2025-04-15T12:17:33+00:00\",\"dateModified\":\"2025-05-15T08:10:44+00:00\",\"breadcrumb\":{\"@id\":\"https:\/\/new.primasteel.sk\/certifikaty\/#breadcrumb\"},\"inLanguage\":\"de\",\"potentialAction\":[{\"@type\":\"ReadAction\",\"target\":[\"https:\/\/new.primasteel.sk\/certifikaty\/\"]}]},{\"@type\":\"ImageObject\",\"inLanguage\":\"de\",\"@id\":\"https:\/\/new.primasteel.sk\/certifikaty\/#primaryimage\",\"url\":\"https:\/\/ocelove-rury.sk\/wp-content\/uploads\/2025\/04\/ISO_9001_Certifikat_Primasteel_SK.jpg\",\"contentUrl\":\"https:\/\/ocelove-rury.sk\/wp-content\/uploads\/2025\/04\/ISO_9001_Certifikat_Primasteel_SK.jpg\"},{\"@type\":\"BreadcrumbList\",\"@id\":\"https:\/\/new.primasteel.sk\/certifikaty\/#breadcrumb\",\"itemListElement\":[{\"@type\":\"ListItem\",\"position\":1,\"name\":\"Domovsk\u00e1 str\u00e1nka\",\"item\":\"https:\/\/new.primasteel.sk\/\"},{\"@type\":\"ListItem\",\"position\":2,\"name\":\"Einleitung Qualit\u00e4tszertifikate\"}]},{\"@type\":\"WebSite\",\"@id\":\"https:\/\/new.primasteel.sk\/#website\",\"url\":\"https:\/\/new.primasteel.sk\/\",\"name\":\"PRIMASTEEL\",\"description\":\"PREDAJ HUTN\u00cdCKEHO MATERI\u00c1LU\",\"publisher\":{\"@id\":\"https:\/\/new.primasteel.sk\/#organization\"},\"potentialAction\":[{\"@type\":\"SearchAction\",\"target\":{\"@type\":\"EntryPoint\",\"urlTemplate\":\"https:\/\/new.primasteel.sk\/?s={search_term_string}\"},\"query-input\":{\"@type\":\"PropertyValueSpecification\",\"valueRequired\":true,\"valueName\":\"search_term_string\"}}],\"inLanguage\":\"de\"},{\"@type\":\"Organization\",\"@id\":\"https:\/\/new.primasteel.sk\/#organization\",\"name\":\"PRIMASTEEL\",\"url\":\"https:\/\/new.primasteel.sk\/\",\"logo\":{\"@type\":\"ImageObject\",\"inLanguage\":\"de\",\"@id\":\"https:\/\/new.primasteel.sk\/#\/schema\/logo\/image\/\",\"url\":\"https:\/\/new.primasteel.sk\/wp-content\/uploads\/2025\/04\/logo.png\",\"contentUrl\":\"https:\/\/new.primasteel.sk\/wp-content\/uploads\/2025\/04\/logo.png\",\"width\":176,\"height\":42,\"caption\":\"PRIMASTEEL\"},\"image\":{\"@id\":\"https:\/\/new.primasteel.sk\/#\/schema\/logo\/image\/\"}}]}<\/script>\n<!-- \/ Yoast SEO plugin. -->","yoast_head_json":{"title":"Einleitung Qualit\u00e4tszertifikate - PRIMASTEEL","robots":{"index":"noindex","follow":"follow","max-snippet":"max-snippet:-1","max-image-preview":"max-image-preview:large","max-video-preview":"max-video-preview:-1"},"og_locale":"de_DE","og_type":"article","og_title":"Einleitung Qualit\u00e4tszertifikate - PRIMASTEEL","og_description":"Home\u00a0 \u00a0 \u00a0 Einleitung Qualit\u00e4tszertifikate Wir arbeiten nach ISO 9001: 2009 Qualit\u00e4tsmanagement-System, das ein hohes Ma\u00df an Organisation der internen Beziehungen innerhalb der Gesellschaft akzentuiert, die sehr wichtig f\u00fcr die Befriedigung der Bed\u00fcrfnisse unserer Kunden sind. Die Waren werden an das Lager durch die Eingangskontrolle der Lagerarbeiter empfangen, markiert und f\u00fcr die Ausgabe zu den [&hellip;]","og_url":"https:\/\/new.primasteel.sk\/certifikaty\/","og_site_name":"PRIMASTEEL","article_modified_time":"2025-05-15T08:10:44+00:00","og_image":[{"url":"https:\/\/ocelove-rury.sk\/wp-content\/uploads\/2025\/04\/ISO_9001_Certifikat_Primasteel_SK.jpg","type":"","width":"","height":""}],"twitter_card":"summary_large_image","twitter_misc":{"Gesch\u00e4tzte Lesezeit":"1\u00a0Minute"},"schema":{"@context":"https:\/\/schema.org","@graph":[{"@type":"WebPage","@id":"https:\/\/new.primasteel.sk\/certifikaty\/","url":"https:\/\/new.primasteel.sk\/certifikaty\/","name":"Einleitung Qualit\u00e4tszertifikate - PRIMASTEEL","isPartOf":{"@id":"https:\/\/new.primasteel.sk\/#website"},"primaryImageOfPage":{"@id":"https:\/\/new.primasteel.sk\/certifikaty\/#primaryimage"},"image":{"@id":"https:\/\/new.primasteel.sk\/certifikaty\/#primaryimage"},"thumbnailUrl":"https:\/\/ocelove-rury.sk\/wp-content\/uploads\/2025\/04\/ISO_9001_Certifikat_Primasteel_SK.jpg","datePublished":"2025-04-15T12:17:33+00:00","dateModified":"2025-05-15T08:10:44+00:00","breadcrumb":{"@id":"https:\/\/new.primasteel.sk\/certifikaty\/#breadcrumb"},"inLanguage":"de","potentialAction":[{"@type":"ReadAction","target":["https:\/\/new.primasteel.sk\/certifikaty\/"]}]},{"@type":"ImageObject","inLanguage":"de","@id":"https:\/\/new.primasteel.sk\/certifikaty\/#primaryimage","url":"https:\/\/ocelove-rury.sk\/wp-content\/uploads\/2025\/04\/ISO_9001_Certifikat_Primasteel_SK.jpg","contentUrl":"https:\/\/ocelove-rury.sk\/wp-content\/uploads\/2025\/04\/ISO_9001_Certifikat_Primasteel_SK.jpg"},{"@type":"BreadcrumbList","@id":"https:\/\/new.primasteel.sk\/certifikaty\/#breadcrumb","itemListElement":[{"@type":"ListItem","position":1,"name":"Domovsk\u00e1 str\u00e1nka","item":"https:\/\/new.primasteel.sk\/"},{"@type":"ListItem","position":2,"name":"Einleitung Qualit\u00e4tszertifikate"}]},{"@type":"WebSite","@id":"https:\/\/new.primasteel.sk\/#website","url":"https:\/\/new.primasteel.sk\/","name":"PRIMASTEEL","description":"PREDAJ HUTN\u00cdCKEHO MATERI\u00c1LU","publisher":{"@id":"https:\/\/new.primasteel.sk\/#organization"},"potentialAction":[{"@type":"SearchAction","target":{"@type":"EntryPoint","urlTemplate":"https:\/\/new.primasteel.sk\/?s={search_term_string}"},"query-input":{"@type":"PropertyValueSpecification","valueRequired":true,"valueName":"search_term_string"}}],"inLanguage":"de"},{"@type":"Organization","@id":"https:\/\/new.primasteel.sk\/#organization","name":"PRIMASTEEL","url":"https:\/\/new.primasteel.sk\/","logo":{"@type":"ImageObject","inLanguage":"de","@id":"https:\/\/new.primasteel.sk\/#\/schema\/logo\/image\/","url":"https:\/\/new.primasteel.sk\/wp-content\/uploads\/2025\/04\/logo.png","contentUrl":"https:\/\/new.primasteel.sk\/wp-content\/uploads\/2025\/04\/logo.png","width":176,"height":42,"caption":"PRIMASTEEL"},"image":{"@id":"https:\/\/new.primasteel.sk\/#\/schema\/logo\/image\/"}}]}},"_links":{"self":[{"href":"https:\/\/new.primasteel.sk\/de\/wp-json\/wp\/v2\/pages\/5781","targetHints":{"allow":["GET"]}}],"collection":[{"href":"https:\/\/new.primasteel.sk\/de\/wp-json\/wp\/v2\/pages"}],"about":[{"href":"https:\/\/new.primasteel.sk\/de\/wp-json\/wp\/v2\/types\/page"}],"author":[{"embeddable":true,"href":"https:\/\/new.primasteel.sk\/de\/wp-json\/wp\/v2\/users\/2"}],"replies":[{"embeddable":true,"href":"https:\/\/new.primasteel.sk\/de\/wp-json\/wp\/v2\/comments?post=5781"}],"version-history":[{"count":4,"href":"https:\/\/new.primasteel.sk\/de\/wp-json\/wp\/v2\/pages\/5781\/revisions"}],"predecessor-version":[{"id":5793,"href":"https:\/\/new.primasteel.sk\/de\/wp-json\/wp\/v2\/pages\/5781\/revisions\/5793"}],"wp:attachment":[{"href":"https:\/\/new.primasteel.sk\/de\/wp-json\/wp\/v2\/media?parent=5781"}],"curies":[{"name":"wp","href":"https:\/\/api.w.org\/{rel}","templated":true}]}}