{"id":5384,"date":"2025-04-15T14:58:49","date_gmt":"2025-04-15T12:58:49","guid":{"rendered":"https:\/\/ocelove-rury.sk\/gallery\/"},"modified":"2025-05-13T19:03:43","modified_gmt":"2025-05-13T17:03:43","slug":"gallery","status":"publish","type":"page","link":"https:\/\/new.primasteel.sk\/en\/gallery\/","title":{"rendered":"Gallery"},"content":{"rendered":"\t\t<div data-elementor-type=\"wp-page\" data-elementor-id=\"5384\" class=\"elementor elementor-5384\" data-elementor-post-type=\"page\">\n\t\t\t\t<div class=\"elementor-element elementor-element-af2281f e-flex e-con-boxed e-con e-parent\" data-id=\"af2281f\" data-element_type=\"container\" data-settings=\"{&quot;background_background&quot;:&quot;classic&quot;}\">\n\t\t\t\t\t<div class=\"e-con-inner\">\n\t\t<div class=\"elementor-element elementor-element-5ca832b e-con-full e-flex e-con e-child\" data-id=\"5ca832b\" data-element_type=\"container\">\n\t\t<div class=\"elementor-element elementor-element-a277121 e-con-full e-flex e-con e-child\" data-id=\"a277121\" data-element_type=\"container\">\n\t\t\t\t<div class=\"elementor-element elementor-element-204e750 elementor-widget elementor-widget-text-editor\" data-id=\"204e750\" data-element_type=\"widget\" data-widget_type=\"text-editor.default\">\n\t\t\t\t<div class=\"elementor-widget-container\">\n\t\t\t\t\t\t\t\t\t<p><a class=\"elementor-item\" href=\"https:\/\/ocelove-rury.sk\/\"><span style=\"color: #39cee9;\">Home<\/span><\/a>\u00a0 \u00a0 \u00a0 Gallery<\/p>\t\t\t\t\t\t\t\t<\/div>\n\t\t\t\t<\/div>\n\t\t\t\t<\/div>\n\t\t\t\t<\/div>\n\t\t\t\t\t<\/div>\n\t\t\t\t<\/div>\n\t\t<div class=\"elementor-element elementor-element-a25a8e3 e-flex e-con-boxed e-con e-parent\" data-id=\"a25a8e3\" data-element_type=\"container\" data-settings=\"{&quot;background_background&quot;:&quot;classic&quot;}\">\n\t\t\t\t\t<div class=\"e-con-inner\">\n\t\t<div class=\"elementor-element elementor-element-49d269a e-grid e-con-full e-con e-child\" data-id=\"49d269a\" data-element_type=\"container\">\n\t\t<a class=\"elementor-element elementor-element-6bf77d6 e-con-full e-flex e-con e-child\" data-id=\"6bf77d6\" data-element_type=\"container\" href=\"https:\/\/ocelove-rury.sk\/en\/office-space\">\n\t\t\t\t<div class=\"elementor-element elementor-element-0c6513c elementor-widget elementor-widget-image\" data-id=\"0c6513c\" data-element_type=\"widget\" data-widget_type=\"image.default\">\n\t\t\t\t<div class=\"elementor-widget-container\">\n\t\t\t\t\t\t\t\t\t\t\t\t\t\t\t<img fetchpriority=\"high\" decoding=\"async\" width=\"480\" height=\"400\" src=\"https:\/\/new.primasteel.sk\/wp-content\/uploads\/2025\/04\/image.jpg\" class=\"attachment-full size-full wp-image-602\" alt=\"\" srcset=\"https:\/\/new.primasteel.sk\/wp-content\/uploads\/2025\/04\/image.jpg 480w, https:\/\/new.primasteel.sk\/wp-content\/uploads\/2025\/04\/image-300x250.jpg 300w\" sizes=\"(max-width: 480px) 100vw, 480px\" \/>\t\t\t\t\t\t\t\t\t\t\t\t\t\t\t<\/div>\n\t\t\t\t<\/div>\n\t\t<div class=\"elementor-element elementor-element-a4e2906 e-con-full box e-flex e-con e-child\" data-id=\"a4e2906\" data-element_type=\"container\" data-settings=\"{&quot;background_background&quot;:&quot;classic&quot;}\">\n\t\t\t\t<div class=\"elementor-element elementor-element-c798616 elementor-widget elementor-widget-heading\" data-id=\"c798616\" data-element_type=\"widget\" data-widget_type=\"heading.default\">\n\t\t\t\t<div class=\"elementor-widget-container\">\n\t\t\t\t\t<h2 class=\"elementor-heading-title elementor-size-default\">Office space<\/h2>\t\t\t\t<\/div>\n\t\t\t\t<\/div>\n\t\t\t\t<div class=\"elementor-element elementor-element-cc82acc elementor-widget elementor-widget-heading\" data-id=\"cc82acc\" data-element_type=\"widget\" data-widget_type=\"heading.default\">\n\t\t\t\t<div class=\"elementor-widget-container\">\n\t\t\t\t\t<h2 class=\"elementor-heading-title elementor-size-default\">2<\/h2>\t\t\t\t<\/div>\n\t\t\t\t<\/div>\n\t\t\t\t<\/div>\n\t\t\t\t<\/a>\n\t\t<a class=\"elementor-element elementor-element-9dbcef2 e-con-full e-flex e-con e-child\" data-id=\"9dbcef2\" data-element_type=\"container\" href=\"https:\/\/ocelove-rury.sk\/en\/company-premises\/\">\n\t\t\t\t<div class=\"elementor-element elementor-element-9c49f9a elementor-widget elementor-widget-image\" data-id=\"9c49f9a\" data-element_type=\"widget\" data-widget_type=\"image.default\">\n\t\t\t\t<div class=\"elementor-widget-container\">\n\t\t\t\t\t\t\t\t\t\t\t\t\t\t\t<img decoding=\"async\" width=\"480\" height=\"400\" src=\"https:\/\/new.primasteel.sk\/wp-content\/uploads\/2025\/04\/image-3.jpg\" class=\"attachment-large size-large wp-image-605\" alt=\"\" srcset=\"https:\/\/new.primasteel.sk\/wp-content\/uploads\/2025\/04\/image-3.jpg 480w, https:\/\/new.primasteel.sk\/wp-content\/uploads\/2025\/04\/image-3-300x250.jpg 300w\" sizes=\"(max-width: 480px) 100vw, 480px\" \/>\t\t\t\t\t\t\t\t\t\t\t\t\t\t\t<\/div>\n\t\t\t\t<\/div>\n\t\t<div class=\"elementor-element elementor-element-396ef47 e-con-full box e-flex e-con e-child\" data-id=\"396ef47\" data-element_type=\"container\" data-settings=\"{&quot;background_background&quot;:&quot;classic&quot;}\">\n\t\t\t\t<div class=\"elementor-element elementor-element-99ca547 elementor-widget elementor-widget-heading\" data-id=\"99ca547\" data-element_type=\"widget\" data-widget_type=\"heading.default\">\n\t\t\t\t<div class=\"elementor-widget-container\">\n\t\t\t\t\t<h2 class=\"elementor-heading-title elementor-size-default\">Company premises<\/h2>\t\t\t\t<\/div>\n\t\t\t\t<\/div>\n\t\t\t\t<div class=\"elementor-element elementor-element-cdd34cd elementor-widget elementor-widget-heading\" data-id=\"cdd34cd\" data-element_type=\"widget\" data-widget_type=\"heading.default\">\n\t\t\t\t<div class=\"elementor-widget-container\">\n\t\t\t\t\t<h2 class=\"elementor-heading-title elementor-size-default\">3<\/h2>\t\t\t\t<\/div>\n\t\t\t\t<\/div>\n\t\t\t\t<\/div>\n\t\t\t\t<\/a>\n\t\t<a class=\"elementor-element elementor-element-eb4e9b4 e-con-full e-flex e-con e-child\" data-id=\"eb4e9b4\" data-element_type=\"container\" href=\"https:\/\/ocelove-rury.sk\/en\/storage-space-warehouse\/\">\n\t\t\t\t<div class=\"elementor-element elementor-element-ef8ec30 elementor-widget elementor-widget-image\" data-id=\"ef8ec30\" data-element_type=\"widget\" data-widget_type=\"image.default\">\n\t\t\t\t<div class=\"elementor-widget-container\">\n\t\t\t\t\t\t\t\t\t\t\t\t\t\t\t<img decoding=\"async\" width=\"480\" height=\"400\" src=\"https:\/\/new.primasteel.sk\/wp-content\/uploads\/2025\/04\/image-4.jpg\" class=\"attachment-large size-large wp-image-604\" alt=\"\" srcset=\"https:\/\/new.primasteel.sk\/wp-content\/uploads\/2025\/04\/image-4.jpg 480w, https:\/\/new.primasteel.sk\/wp-content\/uploads\/2025\/04\/image-4-300x250.jpg 300w\" sizes=\"(max-width: 480px) 100vw, 480px\" \/>\t\t\t\t\t\t\t\t\t\t\t\t\t\t\t<\/div>\n\t\t\t\t<\/div>\n\t\t<div class=\"elementor-element elementor-element-95ba992 e-con-full box e-flex e-con e-child\" data-id=\"95ba992\" data-element_type=\"container\" data-settings=\"{&quot;background_background&quot;:&quot;classic&quot;}\">\n\t\t\t\t<div class=\"elementor-element elementor-element-4147947 elementor-widget elementor-widget-heading\" data-id=\"4147947\" data-element_type=\"widget\" data-widget_type=\"heading.default\">\n\t\t\t\t<div class=\"elementor-widget-container\">\n\t\t\t\t\t<h2 class=\"elementor-heading-title elementor-size-default\">Storage space - warehouse<\/h2>\t\t\t\t<\/div>\n\t\t\t\t<\/div>\n\t\t\t\t<div class=\"elementor-element elementor-element-7c082b5 elementor-widget elementor-widget-heading\" data-id=\"7c082b5\" data-element_type=\"widget\" data-widget_type=\"heading.default\">\n\t\t\t\t<div class=\"elementor-widget-container\">\n\t\t\t\t\t<h2 class=\"elementor-heading-title elementor-size-default\">10<\/h2>\t\t\t\t<\/div>\n\t\t\t\t<\/div>\n\t\t\t\t<\/div>\n\t\t\t\t<\/a>\n\t\t<a class=\"elementor-element elementor-element-ae0613d e-con-full e-flex e-con e-child\" data-id=\"ae0613d\" data-element_type=\"container\" href=\"https:\/\/ocelove-rury.sk\/en\/storage-space-new-warehouse\/\">\n\t\t\t\t<div class=\"elementor-element elementor-element-d2485c8 elementor-widget elementor-widget-image\" data-id=\"d2485c8\" data-element_type=\"widget\" data-widget_type=\"image.default\">\n\t\t\t\t<div class=\"elementor-widget-container\">\n\t\t\t\t\t\t\t\t\t\t\t\t\t\t\t<img loading=\"lazy\" decoding=\"async\" width=\"480\" height=\"400\" src=\"https:\/\/new.primasteel.sk\/wp-content\/uploads\/2025\/04\/image-5.jpg\" class=\"attachment-large size-large wp-image-603\" alt=\"\" srcset=\"https:\/\/new.primasteel.sk\/wp-content\/uploads\/2025\/04\/image-5.jpg 480w, https:\/\/new.primasteel.sk\/wp-content\/uploads\/2025\/04\/image-5-300x250.jpg 300w\" sizes=\"(max-width: 480px) 100vw, 480px\" \/>\t\t\t\t\t\t\t\t\t\t\t\t\t\t\t<\/div>\n\t\t\t\t<\/div>\n\t\t<div class=\"elementor-element elementor-element-880877e e-con-full box e-flex e-con e-child\" data-id=\"880877e\" data-element_type=\"container\" data-settings=\"{&quot;background_background&quot;:&quot;classic&quot;}\">\n\t\t\t\t<div class=\"elementor-element elementor-element-3b6f2ec elementor-widget elementor-widget-heading\" data-id=\"3b6f2ec\" data-element_type=\"widget\" data-widget_type=\"heading.default\">\n\t\t\t\t<div class=\"elementor-widget-container\">\n\t\t\t\t\t<h2 class=\"elementor-heading-title elementor-size-default\">Storage space - new warehouse<\/h2>\t\t\t\t<\/div>\n\t\t\t\t<\/div>\n\t\t\t\t<div class=\"elementor-element elementor-element-e5adaea elementor-widget elementor-widget-heading\" data-id=\"e5adaea\" data-element_type=\"widget\" data-widget_type=\"heading.default\">\n\t\t\t\t<div class=\"elementor-widget-container\">\n\t\t\t\t\t<h2 class=\"elementor-heading-title elementor-size-default\">6<\/h2>\t\t\t\t<\/div>\n\t\t\t\t<\/div>\n\t\t\t\t<\/div>\n\t\t\t\t<\/a>\n\t\t\t\t<\/div>\n\t\t\t\t\t<\/div>\n\t\t\t\t<\/div>\n\t\t<div class=\"elementor-element elementor-element-2ec7747 e-flex e-con-boxed e-con e-parent\" data-id=\"2ec7747\" data-element_type=\"container\">\n\t\t\t\t\t<div class=\"e-con-inner\">\n\t\t\t\t<div class=\"elementor-element elementor-element-b12625a elementor-widget elementor-widget-heading\" data-id=\"b12625a\" data-element_type=\"widget\" data-widget_type=\"heading.default\">\n\t\t\t\t<div class=\"elementor-widget-container\">\n\t\t\t\t\t<h2 class=\"elementor-heading-title elementor-size-default\">WHY CHOOSE US?<\/h2>\t\t\t\t<\/div>\n\t\t\t\t<\/div>\n\t\t<div class=\"elementor-element elementor-element-f19138d e-grid e-con-full e-con e-child\" data-id=\"f19138d\" data-element_type=\"container\">\n\t\t<div class=\"elementor-element elementor-element-7930bc7 e-con-full e-flex e-con e-child\" data-id=\"7930bc7\" data-element_type=\"container\">\n\t\t\t\t<div class=\"elementor-element elementor-element-ce06088 elementor-widget elementor-widget-image\" data-id=\"ce06088\" data-element_type=\"widget\" data-widget_type=\"image.default\">\n\t\t\t\t<div class=\"elementor-widget-container\">\n\t\t\t\t\t\t\t\t\t\t\t\t\t\t\t<img loading=\"lazy\" decoding=\"async\" width=\"70\" height=\"70\" src=\"https:\/\/new.primasteel.sk\/wp-content\/uploads\/2025\/04\/image-6.png\" class=\"attachment-large size-large wp-image-248\" alt=\"\" \/>\t\t\t\t\t\t\t\t\t\t\t\t\t\t\t<\/div>\n\t\t\t\t<\/div>\n\t\t\t\t<div class=\"elementor-element elementor-element-c3bbf2e elementor-widget elementor-widget-text-editor\" data-id=\"c3bbf2e\" data-element_type=\"widget\" data-widget_type=\"text-editor.default\">\n\t\t\t\t<div class=\"elementor-widget-container\">\n\t\t\t\t\t\t\t\t\t<p>In addition to direct sales, we offer a range of additional services, including shipment to another place of destination within Slovak Republic, professional and technical advisory service, distribution of goods and an individual approach.<\/p>\t\t\t\t\t\t\t\t<\/div>\n\t\t\t\t<\/div>\n\t\t\t\t<\/div>\n\t\t<div class=\"elementor-element elementor-element-c77cb59 e-con-full e-flex e-con e-child\" data-id=\"c77cb59\" data-element_type=\"container\">\n\t\t\t\t<div class=\"elementor-element elementor-element-8a62451 elementor-widget elementor-widget-image\" data-id=\"8a62451\" data-element_type=\"widget\" data-widget_type=\"image.default\">\n\t\t\t\t<div class=\"elementor-widget-container\">\n\t\t\t\t\t\t\t\t\t\t\t\t\t\t\t<img loading=\"lazy\" decoding=\"async\" width=\"70\" height=\"70\" src=\"https:\/\/new.primasteel.sk\/wp-content\/uploads\/2025\/04\/image-7.png\" class=\"attachment-large size-large wp-image-247\" alt=\"\" \/>\t\t\t\t\t\t\t\t\t\t\t\t\t\t\t<\/div>\n\t\t\t\t<\/div>\n\t\t\t\t<div class=\"elementor-element elementor-element-9054679 elementor-widget elementor-widget-text-editor\" data-id=\"9054679\" data-element_type=\"widget\" data-widget_type=\"text-editor.default\">\n\t\t\t\t<div class=\"elementor-widget-container\">\n\t\t\t\t\t\t\t\t\t<p>Goods are received to the warehouse through the input check of warehouse workers and marked and stored for output towards the customers.<\/p>\t\t\t\t\t\t\t\t<\/div>\n\t\t\t\t<\/div>\n\t\t\t\t<\/div>\n\t\t<div class=\"elementor-element elementor-element-5abf828 e-con-full e-flex e-con e-child\" data-id=\"5abf828\" data-element_type=\"container\">\n\t\t\t\t<div class=\"elementor-element elementor-element-dc075a2 elementor-widget elementor-widget-image\" data-id=\"dc075a2\" data-element_type=\"widget\" data-widget_type=\"image.default\">\n\t\t\t\t<div class=\"elementor-widget-container\">\n\t\t\t\t\t\t\t\t\t\t\t\t\t\t\t<img loading=\"lazy\" decoding=\"async\" width=\"70\" height=\"70\" src=\"https:\/\/new.primasteel.sk\/wp-content\/uploads\/2025\/04\/image-8.png\" class=\"attachment-large size-large wp-image-246\" alt=\"\" \/>\t\t\t\t\t\t\t\t\t\t\t\t\t\t\t<\/div>\n\t\t\t\t<\/div>\n\t\t\t\t<div class=\"elementor-element elementor-element-8228360 elementor-widget elementor-widget-text-editor\" data-id=\"8228360\" data-element_type=\"widget\" data-widget_type=\"text-editor.default\">\n\t\t\t\t<div class=\"elementor-widget-container\">\n\t\t\t\t\t\t\t\t\t<div class=\"row\"><div class=\"col-md-4\">We work under ISO 9001: 2009 quality management system, which proves a high level of organization of internal relations within the company that are essential to meet the needs of our customers.<\/div><\/div>\t\t\t\t\t\t\t\t<\/div>\n\t\t\t\t<\/div>\n\t\t\t\t<\/div>\n\t\t\t\t<\/div>\n\t\t\t\t\t<\/div>\n\t\t\t\t<\/div>\n\t\t<div class=\"elementor-element elementor-element-636e9903 e-flex e-con-boxed e-con e-parent\" data-id=\"636e9903\" data-element_type=\"container\">\n\t\t\t\t\t<div class=\"e-con-inner\">\n\t\t<a class=\"elementor-element elementor-element-4a2857d7 e-con-full e-flex e-con e-child\" data-id=\"4a2857d7\" data-element_type=\"container\" data-settings=\"{&quot;background_background&quot;:&quot;classic&quot;}\" href=\"#top\">\n\t\t\t\t<\/a>\n\t\t\t\t<div class=\"elementor-element elementor-element-5fd384a4 elementor-widget elementor-widget-text-editor\" data-id=\"5fd384a4\" data-element_type=\"widget\" data-widget_type=\"text-editor.default\">\n\t\t\t\t<div class=\"elementor-widget-container\">\n\t\t\t\t\t\t\t\t\t<p>Address of shop floor and warehouse: Vodn\u00e9 dielo Kr\u00e1\u013eov\u00e1 622, Kr\u00e1\u013eov\u00e1 n. V\u00e1hom | Tel.: 031 \/ 780 2241 | email: <a href=\"mailto:office@primasteel.sk\">office@primasteel.sk<\/a><\/p>\t\t\t\t\t\t\t\t<\/div>\n\t\t\t\t<\/div>\n\t\t\t\t<div class=\"elementor-element elementor-element-1bd2e7fc elementor-widget-divider--view-line elementor-widget elementor-widget-divider\" data-id=\"1bd2e7fc\" data-element_type=\"widget\" data-widget_type=\"divider.default\">\n\t\t\t\t<div class=\"elementor-widget-container\">\n\t\t\t\t\t\t\t<div class=\"elementor-divider\">\n\t\t\t<span class=\"elementor-divider-separator\">\n\t\t\t\t\t\t<\/span>\n\t\t<\/div>\n\t\t\t\t\t\t<\/div>\n\t\t\t\t<\/div>\n\t\t\t\t<div class=\"elementor-element elementor-element-160fdbf2 elementor-widget elementor-widget-text-editor\" data-id=\"160fdbf2\" data-element_type=\"widget\" data-widget_type=\"text-editor.default\">\n\t\t\t\t<div class=\"elementor-widget-container\">\n\t\t\t\t\t\t\t\t\t<p>Designed and Development <a href=\"http:\/\/magicmedia.sk\/\">Magic media<\/a> 2025<\/p>\t\t\t\t\t\t\t\t<\/div>\n\t\t\t\t<\/div>\n\t\t<div class=\"elementor-element elementor-element-7f283fd4 e-con-full e-flex e-con e-child\" data-id=\"7f283fd4\" data-element_type=\"container\">\n\t\t\t\t<div class=\"elementor-element elementor-element-53349717 elementor-widget elementor-widget-image\" data-id=\"53349717\" data-element_type=\"widget\" data-widget_type=\"image.default\">\n\t\t\t\t<div class=\"elementor-widget-container\">\n\t\t\t\t\t\t\t\t\t\t\t\t\t\t\t\t<a href=\"https:\/\/www.facebook.com\/Primasteel-623807174404657\/\" target=\"_blank\">\n\t\t\t\t\t\t\t<img loading=\"lazy\" decoding=\"async\" width=\"512\" height=\"512\" src=\"https:\/\/new.primasteel.sk\/wp-content\/uploads\/2025\/04\/facebook-01.svg\" class=\"attachment-full size-full wp-image-4491\" alt=\"Prima Steel, s.r.o. - Facebook\" \/>\t\t\t\t\t\t\t\t<\/a>\n\t\t\t\t\t\t\t\t\t\t\t\t\t\t\t<\/div>\n\t\t\t\t<\/div>\n\t\t\t\t<div class=\"elementor-element elementor-element-27926b15 elementor-widget elementor-widget-image\" data-id=\"27926b15\" data-element_type=\"widget\" data-widget_type=\"image.default\">\n\t\t\t\t<div class=\"elementor-widget-container\">\n\t\t\t\t\t\t\t\t\t\t\t\t\t\t\t\t<a href=\"https:\/\/ocelove-rury.sk\/\" target=\"_blank\">\n\t\t\t\t\t\t\t<img loading=\"lazy\" decoding=\"async\" width=\"512\" height=\"512\" src=\"https:\/\/new.primasteel.sk\/wp-content\/uploads\/2025\/04\/linkedin-01.svg\" class=\"attachment-full size-full wp-image-4489\" alt=\"Prima Steel, s.r.o. - LinkedIn\" \/>\t\t\t\t\t\t\t\t<\/a>\n\t\t\t\t\t\t\t\t\t\t\t\t\t\t\t<\/div>\n\t\t\t\t<\/div>\n\t\t\t\t<\/div>\n\t\t\t\t\t<\/div>\n\t\t\t\t<\/div>\n\t\t\t\t<\/div>\n\t\t","protected":false},"excerpt":{"rendered":"<p>Home\u00a0 \u00a0 \u00a0 Gallery Office space 2 Company premises 3 Storage space &#8211; warehouse 10 Storage space &#8211; new warehouse 6 WHY CHOOSE US? In addition to direct sales, we offer a range of additional services, including shipment to another place of destination within Slovak Republic, professional and technical advisory service, distribution of goods and [&hellip;]<\/p>\n","protected":false},"author":2,"featured_media":0,"parent":0,"menu_order":0,"comment_status":"closed","ping_status":"closed","template":"","meta":{"footnotes":""},"class_list":["post-5384","page","type-page","status-publish","hentry"],"yoast_head":"<!-- This site is optimized with the Yoast SEO plugin v25.3.1 - https:\/\/yoast.com\/wordpress\/plugins\/seo\/ -->\n<title>Gallery - PRIMASTEEL<\/title>\n<meta name=\"robots\" content=\"noindex, follow, max-snippet:-1, max-image-preview:large, max-video-preview:-1\" \/>\n<meta property=\"og:locale\" content=\"en_US\" \/>\n<meta property=\"og:type\" content=\"article\" \/>\n<meta property=\"og:title\" content=\"Gallery - PRIMASTEEL\" \/>\n<meta property=\"og:description\" content=\"Home\u00a0 \u00a0 \u00a0 Gallery Office space 2 Company premises 3 Storage space &#8211; warehouse 10 Storage space &#8211; new warehouse 6 WHY CHOOSE US? In addition to direct sales, we offer a range of additional services, including shipment to another place of destination within Slovak Republic, professional and technical advisory service, distribution of goods and [&hellip;]\" \/>\n<meta property=\"og:url\" content=\"https:\/\/new.primasteel.sk\/galeria\/\" \/>\n<meta property=\"og:site_name\" content=\"PRIMASTEEL\" \/>\n<meta property=\"article:modified_time\" content=\"2025-05-13T17:03:43+00:00\" \/>\n<meta property=\"og:image\" content=\"https:\/\/ocelove-rury.sk\/wp-content\/uploads\/2025\/04\/image.jpg\" \/>\n<meta name=\"twitter:card\" content=\"summary_large_image\" \/>\n<meta name=\"twitter:label1\" content=\"Est. reading time\" \/>\n\t<meta name=\"twitter:data1\" content=\"1 minute\" \/>\n<script type=\"application\/ld+json\" class=\"yoast-schema-graph\">{\"@context\":\"https:\/\/schema.org\",\"@graph\":[{\"@type\":\"WebPage\",\"@id\":\"https:\/\/new.primasteel.sk\/galeria\/\",\"url\":\"https:\/\/new.primasteel.sk\/galeria\/\",\"name\":\"Gallery - PRIMASTEEL\",\"isPartOf\":{\"@id\":\"https:\/\/new.primasteel.sk\/#website\"},\"primaryImageOfPage\":{\"@id\":\"https:\/\/new.primasteel.sk\/galeria\/#primaryimage\"},\"image\":{\"@id\":\"https:\/\/new.primasteel.sk\/galeria\/#primaryimage\"},\"thumbnailUrl\":\"https:\/\/ocelove-rury.sk\/wp-content\/uploads\/2025\/04\/image.jpg\",\"datePublished\":\"2025-04-15T12:58:49+00:00\",\"dateModified\":\"2025-05-13T17:03:43+00:00\",\"breadcrumb\":{\"@id\":\"https:\/\/new.primasteel.sk\/galeria\/#breadcrumb\"},\"inLanguage\":\"en-US\",\"potentialAction\":[{\"@type\":\"ReadAction\",\"target\":[\"https:\/\/new.primasteel.sk\/galeria\/\"]}]},{\"@type\":\"ImageObject\",\"inLanguage\":\"en-US\",\"@id\":\"https:\/\/new.primasteel.sk\/galeria\/#primaryimage\",\"url\":\"https:\/\/ocelove-rury.sk\/wp-content\/uploads\/2025\/04\/image.jpg\",\"contentUrl\":\"https:\/\/ocelove-rury.sk\/wp-content\/uploads\/2025\/04\/image.jpg\"},{\"@type\":\"BreadcrumbList\",\"@id\":\"https:\/\/new.primasteel.sk\/galeria\/#breadcrumb\",\"itemListElement\":[{\"@type\":\"ListItem\",\"position\":1,\"name\":\"Domovsk\u00e1 str\u00e1nka\",\"item\":\"https:\/\/new.primasteel.sk\/\"},{\"@type\":\"ListItem\",\"position\":2,\"name\":\"Gallery\"}]},{\"@type\":\"WebSite\",\"@id\":\"https:\/\/new.primasteel.sk\/#website\",\"url\":\"https:\/\/new.primasteel.sk\/\",\"name\":\"PRIMASTEEL\",\"description\":\"PREDAJ HUTN\u00cdCKEHO MATERI\u00c1LU\",\"publisher\":{\"@id\":\"https:\/\/new.primasteel.sk\/#organization\"},\"potentialAction\":[{\"@type\":\"SearchAction\",\"target\":{\"@type\":\"EntryPoint\",\"urlTemplate\":\"https:\/\/new.primasteel.sk\/?s={search_term_string}\"},\"query-input\":{\"@type\":\"PropertyValueSpecification\",\"valueRequired\":true,\"valueName\":\"search_term_string\"}}],\"inLanguage\":\"en-US\"},{\"@type\":\"Organization\",\"@id\":\"https:\/\/new.primasteel.sk\/#organization\",\"name\":\"PRIMASTEEL\",\"url\":\"https:\/\/new.primasteel.sk\/\",\"logo\":{\"@type\":\"ImageObject\",\"inLanguage\":\"en-US\",\"@id\":\"https:\/\/new.primasteel.sk\/#\/schema\/logo\/image\/\",\"url\":\"https:\/\/new.primasteel.sk\/wp-content\/uploads\/2025\/04\/logo.png\",\"contentUrl\":\"https:\/\/new.primasteel.sk\/wp-content\/uploads\/2025\/04\/logo.png\",\"width\":176,\"height\":42,\"caption\":\"PRIMASTEEL\"},\"image\":{\"@id\":\"https:\/\/new.primasteel.sk\/#\/schema\/logo\/image\/\"}}]}<\/script>\n<!-- \/ Yoast SEO plugin. -->","yoast_head_json":{"title":"Gallery - PRIMASTEEL","robots":{"index":"noindex","follow":"follow","max-snippet":"max-snippet:-1","max-image-preview":"max-image-preview:large","max-video-preview":"max-video-preview:-1"},"og_locale":"en_US","og_type":"article","og_title":"Gallery - PRIMASTEEL","og_description":"Home\u00a0 \u00a0 \u00a0 Gallery Office space 2 Company premises 3 Storage space &#8211; warehouse 10 Storage space &#8211; new warehouse 6 WHY CHOOSE US? In addition to direct sales, we offer a range of additional services, including shipment to another place of destination within Slovak Republic, professional and technical advisory service, distribution of goods and [&hellip;]","og_url":"https:\/\/new.primasteel.sk\/galeria\/","og_site_name":"PRIMASTEEL","article_modified_time":"2025-05-13T17:03:43+00:00","og_image":[{"url":"https:\/\/ocelove-rury.sk\/wp-content\/uploads\/2025\/04\/image.jpg","type":"","width":"","height":""}],"twitter_card":"summary_large_image","twitter_misc":{"Est. reading time":"1 minute"},"schema":{"@context":"https:\/\/schema.org","@graph":[{"@type":"WebPage","@id":"https:\/\/new.primasteel.sk\/galeria\/","url":"https:\/\/new.primasteel.sk\/galeria\/","name":"Gallery - PRIMASTEEL","isPartOf":{"@id":"https:\/\/new.primasteel.sk\/#website"},"primaryImageOfPage":{"@id":"https:\/\/new.primasteel.sk\/galeria\/#primaryimage"},"image":{"@id":"https:\/\/new.primasteel.sk\/galeria\/#primaryimage"},"thumbnailUrl":"https:\/\/ocelove-rury.sk\/wp-content\/uploads\/2025\/04\/image.jpg","datePublished":"2025-04-15T12:58:49+00:00","dateModified":"2025-05-13T17:03:43+00:00","breadcrumb":{"@id":"https:\/\/new.primasteel.sk\/galeria\/#breadcrumb"},"inLanguage":"en-US","potentialAction":[{"@type":"ReadAction","target":["https:\/\/new.primasteel.sk\/galeria\/"]}]},{"@type":"ImageObject","inLanguage":"en-US","@id":"https:\/\/new.primasteel.sk\/galeria\/#primaryimage","url":"https:\/\/ocelove-rury.sk\/wp-content\/uploads\/2025\/04\/image.jpg","contentUrl":"https:\/\/ocelove-rury.sk\/wp-content\/uploads\/2025\/04\/image.jpg"},{"@type":"BreadcrumbList","@id":"https:\/\/new.primasteel.sk\/galeria\/#breadcrumb","itemListElement":[{"@type":"ListItem","position":1,"name":"Domovsk\u00e1 str\u00e1nka","item":"https:\/\/new.primasteel.sk\/"},{"@type":"ListItem","position":2,"name":"Gallery"}]},{"@type":"WebSite","@id":"https:\/\/new.primasteel.sk\/#website","url":"https:\/\/new.primasteel.sk\/","name":"PRIMASTEEL","description":"PREDAJ HUTN\u00cdCKEHO MATERI\u00c1LU","publisher":{"@id":"https:\/\/new.primasteel.sk\/#organization"},"potentialAction":[{"@type":"SearchAction","target":{"@type":"EntryPoint","urlTemplate":"https:\/\/new.primasteel.sk\/?s={search_term_string}"},"query-input":{"@type":"PropertyValueSpecification","valueRequired":true,"valueName":"search_term_string"}}],"inLanguage":"en-US"},{"@type":"Organization","@id":"https:\/\/new.primasteel.sk\/#organization","name":"PRIMASTEEL","url":"https:\/\/new.primasteel.sk\/","logo":{"@type":"ImageObject","inLanguage":"en-US","@id":"https:\/\/new.primasteel.sk\/#\/schema\/logo\/image\/","url":"https:\/\/new.primasteel.sk\/wp-content\/uploads\/2025\/04\/logo.png","contentUrl":"https:\/\/new.primasteel.sk\/wp-content\/uploads\/2025\/04\/logo.png","width":176,"height":42,"caption":"PRIMASTEEL"},"image":{"@id":"https:\/\/new.primasteel.sk\/#\/schema\/logo\/image\/"}}]}},"_links":{"self":[{"href":"https:\/\/new.primasteel.sk\/en\/wp-json\/wp\/v2\/pages\/5384","targetHints":{"allow":["GET"]}}],"collection":[{"href":"https:\/\/new.primasteel.sk\/en\/wp-json\/wp\/v2\/pages"}],"about":[{"href":"https:\/\/new.primasteel.sk\/en\/wp-json\/wp\/v2\/types\/page"}],"author":[{"embeddable":true,"href":"https:\/\/new.primasteel.sk\/en\/wp-json\/wp\/v2\/users\/2"}],"replies":[{"embeddable":true,"href":"https:\/\/new.primasteel.sk\/en\/wp-json\/wp\/v2\/comments?post=5384"}],"version-history":[{"count":13,"href":"https:\/\/new.primasteel.sk\/en\/wp-json\/wp\/v2\/pages\/5384\/revisions"}],"predecessor-version":[{"id":6079,"href":"https:\/\/new.primasteel.sk\/en\/wp-json\/wp\/v2\/pages\/5384\/revisions\/6079"}],"wp:attachment":[{"href":"https:\/\/new.primasteel.sk\/en\/wp-json\/wp\/v2\/media?parent=5384"}],"curies":[{"name":"wp","href":"https:\/\/api.w.org\/{rel}","templated":true}]}}